{"id":11,"date":"2021-12-30T10:24:02","date_gmt":"2021-12-30T10:24:02","guid":{"rendered":"https:\/\/kainuusra.fi\/?page_id=11"},"modified":"2024-02-23T13:48:30","modified_gmt":"2024-02-23T11:48:30","slug":"projektin-tiedot","status":"publish","type":"page","link":"https:\/\/kainuusra.fi\/?page_id=11","title":{"rendered":"Kainuun SRA-strategia"},"content":{"rendered":"\n<div class=\"wp-block-cover alignfull\" style=\"min-height:320px;aspect-ratio:unset;\"><span aria-hidden=\"true\" class=\"wp-block-cover__background has-nv-site-bg-background-color has-background-dim-100 has-background-dim\"><\/span><div class=\"wp-block-cover__inner-container is-layout-flow wp-block-cover-is-layout-flow\">\n<div class=\"wp-block-group\"><div class=\"wp-block-group__inner-container is-layout-flow wp-block-group-is-layout-flow\">\n<div class=\"wp-block-columns are-vertically-aligned-center is-layout-flex wp-container-core-columns-is-layout-9d6595d7 wp-block-columns-is-layout-flex\">\n<div class=\"wp-block-column is-vertically-aligned-center is-layout-flow wp-block-column-is-layout-flow\" style=\"flex-basis:70%\">\n<h2 class=\"wp-block-heading has-nv-dark-bg-color has-text-color\">Miten mukaan harrastukseen?<\/h2>\n\n\n\n<p>[20.45, 8.6.2023] Jyrki Pesonen: Miten SRA-ampujaksi?<\/p>\n\n\n\n<p class=\"has-nv-dark-bg-color has-text-color\">Et tarvitse omia aseita tai varusteita harrastuksen aloittamiseen.<\/p>\n\n\n\n<p class=\"has-nv-dark-bg-color has-text-color\"><br>On hyv\u00e4 ett\u00e4 tulet k\u00e4ym\u00e4\u00e4n oman reservil\u00e4isyhdistyksesi ammunnoissa ja p\u00e4\u00e4set mukaan kokeneempien kanssa kokeilemaan ja ennenkaikkea harjoittelemaan turvallista asek\u00e4sittely\u00e4. Yleens\u00e4 yhdistyksill\u00e4 on omia aseita joita voi k\u00e4ytt\u00e4\u00e4 valvotusti tilaisuuksissa ja patruunat hoituvat j\u00e4rkev\u00e4\u00e4n hintaan. Kainuulaisia reservil\u00e4isyhdistyksi\u00e4 on koottu t\u00e4nne: <a href=\"https:\/\/kainuusra.fi\/?pagename=contact\">Yhdistykset ja ampumaurheiluseurat<\/a><\/p>\n\n\n\n<p class=\"has-nv-dark-bg-color has-text-color has-link-color wp-elements-c4f9d329c43102d007314b7e5242049c\"><br>MPK j\u00e4rjest\u00e4\u00e4 ruutiaseammunnan koulutusta, niin t\u00e4ysin aloittelijoille kuin jo harrasteessa edenneillekin. My\u00f6s n\u00e4iss\u00e4 kalusto ja patruunat kuuluvat kurssin hintaan. Seuraa <a href=\"https:\/\/koulutuskalenteri.mpk.fi\/Koulutuskalenteri\" target=\"_blank\" rel=\"noreferrer noopener\">mpk.fi<\/a> -sivustolta kurssikalenteria ja valitse sielt\u00e4 Kajaanin koulutuspaikka. L\u00e4hell\u00e4 on my\u00f6s Oulu ja Savo-Karjala.<\/p>\n\n\n\n<p class=\"has-nv-dark-bg-color has-text-color has-link-color wp-elements-fa38d92770a6fbca0bf8fc0834df5a0f\">Kun kokeiluvaihe on takana ja tied\u00e4t ett\u00e4 laji kiinnostaa, on aika ilmoittautua SRA-ampujakurssille. Se on kaikille SRA-ampujille pakollinen, yleens\u00e4 p\u00e4iv\u00e4n kest\u00e4v\u00e4 koulutus jossa k\u00e4yd\u00e4\u00e4n lajin s\u00e4\u00e4nn\u00f6t l\u00e4pi ja lopuksi on turvallisen ampujan teoriakoe.<br>Teoriakoe on l\u00e4p\u00e4ist\u00e4v\u00e4 ett\u00e4 p\u00e4\u00e4see k\u00e4yt\u00e4nn\u00f6n kokeeseen. K\u00e4yt\u00e4nn\u00f6n ampujakokeessa tarkastetaan ett\u00e4 ampuja osaa k\u00e4yt\u00e4nn\u00f6ss\u00e4 turvallisen aseenk\u00e4sittelyn ja kykenee ampumaan osumia lajin vaatimalla tavalla.<\/p>\n\n\n\n<p class=\"has-nv-dark-bg-color has-text-color has-link-color wp-elements-81a0670fbb9f100073fc306aa6957d1a\"><a href=\"https:\/\/resul.fi\/\" target=\"_blank\" rel=\"noreferrer noopener\">RESUL <\/a>hallinnoi n\u00e4it\u00e4 SRA-ampujakursseja ja niit\u00e4 j\u00e4rjestet\u00e4\u00e4n nyky\u00e4\u00e4n my\u00f6s et\u00e4koulutuksina verkossa. Kursseista lis\u00e4tietoa l\u00f6ytyy t\u00e4\u00e4lt\u00e4: <a href=\"https:\/\/resul.fi\/sra-kurssit\/\" target=\"_blank\" rel=\"noreferrer noopener\">RESUL-SRA-kurssit<\/a><\/p>\n\n\n\n<p class=\"has-nv-dark-bg-color has-text-color has-link-color wp-elements-0e0d5a1a32e3d5badfc2bacdd9f49672\">Ampujakoe on suoritettava vuoden sis\u00e4ll\u00e4 teoriakokeesta. Kokeen voit suorittaa k\u00e4tev\u00e4sti Kainuussa esim. kysym\u00e4ll\u00e4 vapaata tuomaria osoitteesta <a href=\"mailto:sra@kainuusra.fi\" target=\"_blank\" rel=\"noreferrer noopener\">sra@kainuusra.fi<\/a>. Ammuttavia tuomareita l\u00f6ytyy ainakin Kajaanista, Vuolijoelta, Paltamosta ja Puolangalta. Lainakalusto ja patruunat kokeeseen yleens\u00e4 l\u00f6ytyv\u00e4t my\u00f6s kysym\u00e4ll\u00e4 ko. tuomarilta.<\/p>\n\n\n\n<p class=\"has-nv-dark-bg-color has-text-color has-link-color wp-elements-1bf9882c82d597ead049f96ea993a162\">Kokeen lis\u00e4ksi tarvitset j\u00e4senyyden jossain maanpuolustusj\u00e4rjest\u00f6ss\u00e4 (kts. tarkemmin <a href=\"https:\/\/resul.fi\/sra\/\" target=\"_blank\" rel=\"noreferrer noopener\">RESUL-SRA<\/a>) ja ampujanvakuutuksen (esim. <a href=\"https:\/\/www.reservilaisliitto.fi\/jasenille\/toimintaturva\/\" target=\"_blank\" rel=\"noreferrer noopener\">Toimintaturva <\/a>tai <a href=\"https:\/\/www.rul.fi\/jasenille\/rul-plus\/\">RUL-plus<\/a> tai <a href=\"https:\/\/www.ampumaurheiluliitto.fi\/liitto\/lisenssit-ja-vakuutukset\/\" target=\"_blank\" rel=\"noreferrer noopener\">SAL:n<\/a> lisenssi). Aloittelevalle SRA-ampujalle Toimintaturva\/RULPlus on se kaikkein helpoin ja riitt\u00e4v\u00e4n kattava.<\/p>\n\n\n\n<p class=\"has-nv-dark-bg-color has-text-color has-link-color wp-elements-5148cc41271187c083e1dff452c0fef2\">Hyv\u00e4ksytyn suorituksen j\u00e4lkeen ampuja merkit\u00e4\u00e4n SRA-ampujaksi, saa ampujanumeron ja t\u00e4m\u00e4 avaa mahdollisuuden osallistua SRA-harjoituksiin ja ennenkaikkea kilpailuihin. Kainuussa on t\u00e4n\u00e4\u00e4n l\u00e4hes 100 aktiivista SRA-ampujaa ja aloittelijayst\u00e4v\u00e4lliset KainuuCUP:n kilpailut ovat hyv\u00e4 keino opetella lajia lis\u00e4\u00e4 tuttujen ihmisten mukana.<\/p>\n\n\n\n<p class=\"has-nv-dark-bg-color has-text-color has-link-color wp-elements-19413f6c359425db792cfdaaabc3259e\">Ensimm\u00e4ist\u00e4 vuotta harjoittaville j\u00e4rjestet\u00e4\u00e4n ns. aloittelijakisoja vuoden mittaan erikseen.<\/p>\n\n\n\n<p class=\"has-nv-dark-bg-color has-text-color has-link-color wp-elements-0fb4dcd979fac9ad4e9364f9154c603e\">Lopuksi todettakoon viel\u00e4: Koska ampuminen on mukavaa, on paljon ampuminen mukavampaa. SRA on vain yksi laji toiminnallisten lajien joukossa ja Kainuulaiselle harrastajalle onkin ominaista terve sekak\u00e4ytt\u00f6 mm. IPSC, IDPA, PRS, jne. parissa. <\/p>\n\n\n\n<p class=\"has-nv-dark-bg-color has-text-color has-link-color wp-elements-e91e30941ef4d8967e5e80164738f9b2\">Tervetuloa!<\/p>\n\n\n\n<p class=\"has-nv-dark-bg-color has-text-color has-link-color wp-elements-a9ae31fab6bab7a2dd15b8906d047763\"><br>PS: SRA-ampujakursseja j\u00e4rjest\u00e4\u00e4 ainakin MPK, Kajaanin koulutuspaikka yleens\u00e4 kerran vuodessa tammikuussa.<\/p>\n\n\n\n<h1 class=\"wp-block-heading has-text-align-left has-neve-text-color-color has-text-color\">2022-2025<\/h1>\n\n\n\n<p class=\"has-neve-text-color-color has-text-color\" style=\"font-size:22px\">Miten kehitet\u00e4\u00e4n maakunnallisesti toiminnallista reservil\u00e4isammuntaa.<\/p>\n\n\n\n<div class=\"wp-block-media-text alignwide is-stacked-on-mobile\"><figure class=\"wp-block-media-text__media\"><a href=\"https:\/\/docs.google.com\/presentation\/d\/1sg9zI9a0TFEZt45IyFYiE-87Jh6QOeGSN049UQ7A1I8\/edit?usp=sharing\"><img loading=\"lazy\" decoding=\"async\" width=\"1024\" height=\"479\" src=\"https:\/\/kainuusra.fi\/wp-content\/uploads\/2021\/12\/strategia-kansi-1024x479.jpg\" alt=\"\" class=\"wp-image-82 size-full\" srcset=\"https:\/\/kainuusra.fi\/wp-content\/uploads\/2021\/12\/strategia-kansi-1024x479.jpg 1024w, https:\/\/kainuusra.fi\/wp-content\/uploads\/2021\/12\/strategia-kansi-300x140.jpg 300w, https:\/\/kainuusra.fi\/wp-content\/uploads\/2021\/12\/strategia-kansi-768x360.jpg 768w, https:\/\/kainuusra.fi\/wp-content\/uploads\/2021\/12\/strategia-kansi-1536x719.jpg 1536w, https:\/\/kainuusra.fi\/wp-content\/uploads\/2021\/12\/strategia-kansi.jpg 1792w\" sizes=\"auto, (max-width: 1024px) 100vw, 1024px\" \/><\/a><\/figure><div class=\"wp-block-media-text__content\">\n<p class=\"has-neve-text-color-color has-text-color has-medium-font-size\">Strategialuonnosta voit selailla <a href=\"https:\/\/docs.google.com\/presentation\/d\/1sg9zI9a0TFEZt45IyFYiE-87Jh6QOeGSN049UQ7A1I8\/edit?usp=sharing\" target=\"_blank\" rel=\"noreferrer noopener nofollow\">t\u00e4\u00e4ll\u00e4<\/a> <\/p>\n\n\n\n<p class=\"has-neve-text-color-color has-text-color has-medium-font-size\">(Google slides)<\/p>\n\n\n\n<p><\/p>\n<\/div><\/div>\n\n\n\n<p><\/p>\n<\/div>\n\n\n\n<div class=\"wp-block-column is-vertically-aligned-center is-layout-flow wp-block-column-is-layout-flow\" style=\"flex-basis:30%\"><\/div>\n<\/div>\n<\/div><\/div>\n<\/div><\/div>\n\n\n\n<div class=\"wp-block-cover alignfull\" style=\"min-height:600px;aspect-ratio:unset;\"><span aria-hidden=\"true\" class=\"wp-block-cover__background has-nv-light-bg-background-color has-background-dim-100 has-background-dim\"><\/span><div class=\"wp-block-cover__inner-container is-layout-flow wp-block-cover-is-layout-flow\">\n<div class=\"wp-block-group\"><div class=\"wp-block-group__inner-container is-layout-flow wp-block-group-is-layout-flow\">\n<h2 class=\"wp-block-heading\"><strong><span class=\"has-inline-color has-nv-dark-bg-color\">Koulutus<\/span><\/strong><\/h2>\n\n\n\n<div style=\"height:80px\" aria-hidden=\"true\" class=\"wp-block-spacer\"><\/div>\n\n\n\n<div class=\"wp-block-columns is-layout-flex wp-container-core-columns-is-layout-9d6595d7 wp-block-columns-is-layout-flex\">\n<div class=\"wp-block-column is-layout-flow wp-block-column-is-layout-flow\" style=\"flex-basis:66.79%\">\n<figure class=\"wp-block-image size-large\"><img loading=\"lazy\" decoding=\"async\" width=\"1024\" height=\"767\" src=\"https:\/\/kainuusra.fi\/wp-content\/uploads\/2021\/12\/thumbnail_IMG_4274-1024x767.jpg\" alt=\"\" class=\"wp-image-39\" srcset=\"https:\/\/kainuusra.fi\/wp-content\/uploads\/2021\/12\/thumbnail_IMG_4274-1024x767.jpg 1024w, https:\/\/kainuusra.fi\/wp-content\/uploads\/2021\/12\/thumbnail_IMG_4274-300x225.jpg 300w, https:\/\/kainuusra.fi\/wp-content\/uploads\/2021\/12\/thumbnail_IMG_4274-768x575.jpg 768w, https:\/\/kainuusra.fi\/wp-content\/uploads\/2021\/12\/thumbnail_IMG_4274.jpg 1280w\" sizes=\"auto, (max-width: 1024px) 100vw, 1024px\" \/><\/figure>\n\n\n\n<div style=\"height:40px\" aria-hidden=\"true\" class=\"wp-block-spacer\"><\/div>\n<\/div>\n\n\n\n<div class=\"wp-block-column is-layout-flow wp-block-column-is-layout-flow\" style=\"flex-basis:34%\">\n<p class=\"has-neve-text-color-color has-text-color\">MPK:n Kajaanin koulutus- ja tukiyksikk\u00f6 j\u00e4rjest\u00e4\u00e4 vuosittain yhden SRA-ampujan kurssin, teoria ja k\u00e4yt\u00e4nn\u00f6n kokeineen.<\/p>\n\n\n\n<p class=\"has-nv-dark-bg-color has-text-color\">T\u00e4m\u00e4n lis\u00e4ksi pyrit\u00e4\u00e4n j\u00e4rjest\u00e4m\u00e4\u00e4n johdettuja harjoituksia joilla k\u00e4yt\u00e4nn\u00f6ss\u00e4 kehitet\u00e4\u00e4n kokelaan turvallisuutta ja varmuutta varsinaiseen k\u00e4yt\u00e4nn\u00f6n kokeeseen.<\/p>\n\n\n\n<div class=\"wp-block-buttons is-layout-flex wp-block-buttons-is-layout-flex\">\n<div class=\"wp-block-button is-style-primary\"><a class=\"wp-block-button__link wp-element-button\">MPK.FI -sivustolle (valitse Pohjois-Suomi ja Kajaanin koulutuspaikka)<\/a><\/div>\n<\/div>\n\n\n\n<hr class=\"wp-block-separator has-css-opacity is-style-wide\"\/>\n\n\n\n<figure class=\"wp-block-image size-large is-resized is-style-rounded\"><img loading=\"lazy\" decoding=\"async\" width=\"1024\" height=\"684\" src=\"https:\/\/kainuusra.fi\/wp-content\/uploads\/2021\/12\/FB_IMG_1629017786624-1024x684.jpg\" alt=\"\" class=\"wp-image-38\" style=\"width:110px;height:73px\" srcset=\"https:\/\/kainuusra.fi\/wp-content\/uploads\/2021\/12\/FB_IMG_1629017786624-1024x684.jpg 1024w, https:\/\/kainuusra.fi\/wp-content\/uploads\/2021\/12\/FB_IMG_1629017786624-300x200.jpg 300w, https:\/\/kainuusra.fi\/wp-content\/uploads\/2021\/12\/FB_IMG_1629017786624-768x513.jpg 768w, https:\/\/kainuusra.fi\/wp-content\/uploads\/2021\/12\/FB_IMG_1629017786624-1536x1026.jpg 1536w, https:\/\/kainuusra.fi\/wp-content\/uploads\/2021\/12\/FB_IMG_1629017786624-930x620.jpg 930w, https:\/\/kainuusra.fi\/wp-content\/uploads\/2021\/12\/FB_IMG_1629017786624.jpg 1860w\" sizes=\"auto, (max-width: 1024px) 100vw, 1024px\" \/><\/figure>\n\n\n\n<p class=\"has-neve-text-color-color has-text-color\">\u201cMiss\u00e4\u00e4n muualla et opi asioita yht\u00e4 turvallisesti, perinpohjaisesti ja kustannustehokkaasti, samalla kertaa.\u201d<\/p>\n\n\n\n<p class=\"has-neve-text-color-color has-text-color\">Ammunnanjohtaja<\/p>\n<\/div>\n<\/div>\n\n\n\n<div style=\"height:40px\" aria-hidden=\"true\" class=\"wp-block-spacer\"><\/div>\n<\/div><\/div>\n<\/div><\/div>\n\n\n\n<div class=\"wp-block-cover alignfull\" style=\"min-height:600px;aspect-ratio:unset;\"><span aria-hidden=\"true\" class=\"wp-block-cover__background has-nv-site-bg-background-color has-background-dim-100 has-background-dim\"><\/span><div class=\"wp-block-cover__inner-container is-layout-flow wp-block-cover-is-layout-flow\">\n<div class=\"wp-block-group\"><div class=\"wp-block-group__inner-container is-layout-flow wp-block-group-is-layout-flow\">\n<div style=\"height:80px\" aria-hidden=\"true\" class=\"wp-block-spacer\"><\/div>\n\n\n\n<h2 class=\"wp-block-heading has-neve-text-color-color has-text-color\">Harrastajakyselyn 2021 tuloksia<\/h2>\n\n\n\n<div style=\"height:20px\" aria-hidden=\"true\" class=\"wp-block-spacer\"><\/div>\n\n\n\n<div class=\"wp-block-group has-neve-text-color-color has-text-color\"><div class=\"wp-block-group__inner-container is-layout-flow wp-block-group-is-layout-flow\">\n<div class=\"wp-block-columns are-vertically-aligned-center is-layout-flex wp-container-core-columns-is-layout-9d6595d7 wp-block-columns-is-layout-flex\">\n<div class=\"wp-block-column is-vertically-aligned-center is-layout-flow wp-block-column-is-layout-flow\" style=\"flex-basis:50%\">\n<p>Loppusyksyst\u00e4 2021 tehtiin kysely jonka linkki\u00e4 jaettiin KainuuSRA-signal ryhm\u00e4ss\u00e4 (ja KainuuSRA-whatsapp -ryhm\u00e4ss\u00e4).<\/p>\n\n\n\n<p>Kyselyyn vastasi 17 henkil\u00f6\u00e4 nimett\u00f6m\u00e4n\u00e4 ja <a href=\"https:\/\/kainuusra.fi\/?p=132\">t\u00e4\u00e4ll\u00e4<\/a> esitell\u00e4\u00e4n kyselyn tuloksia.<\/p>\n<\/div>\n\n\n\n<div class=\"wp-block-column is-vertically-aligned-center is-layout-flow wp-block-column-is-layout-flow\" style=\"flex-basis:50%\">\n<div style=\"height:40px\" aria-hidden=\"true\" class=\"wp-block-spacer\"><\/div>\n<\/div>\n<\/div>\n\n\n\n<figure class=\"wp-block-image size-full\"><a href=\"https:\/\/kainuusra.fi\/?p=132\"><img loading=\"lazy\" decoding=\"async\" width=\"202\" height=\"179\" src=\"https:\/\/kainuusra.fi\/wp-content\/uploads\/2022\/01\/piirakka.png\" alt=\"\" class=\"wp-image-130\"\/><\/a><\/figure>\n<\/div><\/div>\n<\/div><\/div>\n<\/div><\/div>\n\n\n\n<div class=\"wp-block-cover alignfull\" style=\"min-height:300px;aspect-ratio:unset;\"><span aria-hidden=\"true\" class=\"wp-block-cover__background has-nv-dark-bg-background-color has-background-dim-100 has-background-dim\"><\/span><div class=\"wp-block-cover__inner-container is-layout-flow wp-block-cover-is-layout-flow\">\n<div style=\"height:140px\" aria-hidden=\"true\" class=\"wp-block-spacer\"><\/div>\n\n\n\n<h2 class=\"wp-block-heading has-text-align-center has-nv-text-dark-bg-color has-text-color\">Tule mukaan!<\/h2>\n\n\n\n<p class=\"has-text-align-center has-medium-font-size\">Harrastus on el\u00e4m\u00e4nmittainen kehittymismahdollisuus mukavassa seurassa.<\/p>\n\n\n\n<div class=\"wp-block-buttons is-horizontal is-content-justification-center is-layout-flex wp-container-core-buttons-is-layout-499968f5 wp-block-buttons-is-layout-flex\">\n<div class=\"wp-block-button is-style-primary\"><a class=\"wp-block-button__link wp-element-button\" href=\"https:\/\/kainuusra.fi\/?page_id=9\">Ota yhteytt\u00e4<\/a><\/div>\n<\/div>\n\n\n\n<div style=\"height:140px\" aria-hidden=\"true\" class=\"wp-block-spacer\"><\/div>\n<\/div><\/div>\n","protected":false},"excerpt":{"rendered":"","protected":false},"author":1,"featured_media":0,"parent":0,"menu_order":0,"comment_status":"closed","ping_status":"closed","template":"","meta":{"neve_meta_sidebar":"","neve_meta_container":"","neve_meta_enable_content_width":"on","neve_meta_content_width":100,"neve_meta_title_alignment":"","neve_meta_author_avatar":"","neve_post_elements_order":"","neve_meta_disable_header":"","neve_meta_disable_footer":"","neve_meta_disable_title":"on","footnotes":""},"class_list":["post-11","page","type-page","status-publish","hentry"],"yoast_head":"<!-- This site is optimized with the Yoast SEO plugin v27.5 - https:\/\/yoast.com\/product\/yoast-seo-wordpress\/ -->\n<title>Kainuun SRA-strategia - Kainuu SRA<\/title>\n<meta name=\"robots\" content=\"index, follow, max-snippet:-1, max-image-preview:large, max-video-preview:-1\" \/>\n<link rel=\"canonical\" href=\"https:\/\/kainuusra.fi\/?page_id=11\" \/>\n<meta property=\"og:locale\" content=\"fi_FI\" \/>\n<meta property=\"og:type\" content=\"article\" \/>\n<meta property=\"og:title\" content=\"Kainuun SRA-strategia - Kainuu SRA\" \/>\n<meta property=\"og:url\" content=\"https:\/\/kainuusra.fi\/?page_id=11\" \/>\n<meta property=\"og:site_name\" content=\"Kainuu SRA\" \/>\n<meta property=\"article:modified_time\" content=\"2024-02-23T11:48:30+00:00\" \/>\n<meta property=\"og:image\" content=\"https:\/\/kainuusra.fi\/wp-content\/uploads\/2021\/12\/strategia-kansi-1024x479.jpg\" \/>\n<meta name=\"twitter:card\" content=\"summary_large_image\" \/>\n<meta name=\"twitter:label1\" content=\"Arvioitu lukuaika\" \/>\n\t<meta name=\"twitter:data1\" content=\"2 minuuttia\" \/>\n<script type=\"application\/ld+json\" class=\"yoast-schema-graph\">{\"@context\":\"https:\\\/\\\/schema.org\",\"@graph\":[{\"@type\":\"WebPage\",\"@id\":\"https:\\\/\\\/kainuusra.fi\\\/?page_id=11\",\"url\":\"https:\\\/\\\/kainuusra.fi\\\/?page_id=11\",\"name\":\"Kainuun SRA-strategia - Kainuu SRA\",\"isPartOf\":{\"@id\":\"https:\\\/\\\/kainuusra.fi\\\/#website\"},\"primaryImageOfPage\":{\"@id\":\"https:\\\/\\\/kainuusra.fi\\\/?page_id=11#primaryimage\"},\"image\":{\"@id\":\"https:\\\/\\\/kainuusra.fi\\\/?page_id=11#primaryimage\"},\"thumbnailUrl\":\"https:\\\/\\\/kainuusra.fi\\\/wp-content\\\/uploads\\\/2021\\\/12\\\/strategia-kansi-1024x479.jpg\",\"datePublished\":\"2021-12-30T10:24:02+00:00\",\"dateModified\":\"2024-02-23T11:48:30+00:00\",\"breadcrumb\":{\"@id\":\"https:\\\/\\\/kainuusra.fi\\\/?page_id=11#breadcrumb\"},\"inLanguage\":\"fi\",\"potentialAction\":[{\"@type\":\"ReadAction\",\"target\":[\"https:\\\/\\\/kainuusra.fi\\\/?page_id=11\"]}]},{\"@type\":\"ImageObject\",\"inLanguage\":\"fi\",\"@id\":\"https:\\\/\\\/kainuusra.fi\\\/?page_id=11#primaryimage\",\"url\":\"https:\\\/\\\/kainuusra.fi\\\/wp-content\\\/uploads\\\/2021\\\/12\\\/strategia-kansi.jpg\",\"contentUrl\":\"https:\\\/\\\/kainuusra.fi\\\/wp-content\\\/uploads\\\/2021\\\/12\\\/strategia-kansi.jpg\",\"width\":1792,\"height\":839},{\"@type\":\"BreadcrumbList\",\"@id\":\"https:\\\/\\\/kainuusra.fi\\\/?page_id=11#breadcrumb\",\"itemListElement\":[{\"@type\":\"ListItem\",\"position\":1,\"name\":\"Etusivu\",\"item\":\"https:\\\/\\\/kainuusra.fi\\\/\"},{\"@type\":\"ListItem\",\"position\":2,\"name\":\"Kainuun SRA-strategia\"}]},{\"@type\":\"WebSite\",\"@id\":\"https:\\\/\\\/kainuusra.fi\\\/#website\",\"url\":\"https:\\\/\\\/kainuusra.fi\\\/\",\"name\":\"Kainuu SRA\",\"description\":\"Puolesta hengen ja heimon ja maan.\",\"publisher\":{\"@id\":\"https:\\\/\\\/kainuusra.fi\\\/#organization\"},\"potentialAction\":[{\"@type\":\"SearchAction\",\"target\":{\"@type\":\"EntryPoint\",\"urlTemplate\":\"https:\\\/\\\/kainuusra.fi\\\/?s={search_term_string}\"},\"query-input\":{\"@type\":\"PropertyValueSpecification\",\"valueRequired\":true,\"valueName\":\"search_term_string\"}}],\"inLanguage\":\"fi\"},{\"@type\":\"Organization\",\"@id\":\"https:\\\/\\\/kainuusra.fi\\\/#organization\",\"name\":\"Kainuu SRA\",\"url\":\"https:\\\/\\\/kainuusra.fi\\\/\",\"logo\":{\"@type\":\"ImageObject\",\"inLanguage\":\"fi\",\"@id\":\"https:\\\/\\\/kainuusra.fi\\\/#\\\/schema\\\/logo\\\/image\\\/\",\"url\":\"https:\\\/\\\/kainuusra.fi\\\/wp-content\\\/uploads\\\/2021\\\/12\\\/cropped-cropped-SRA-Kainuu.vaakuna.png\",\"contentUrl\":\"https:\\\/\\\/kainuusra.fi\\\/wp-content\\\/uploads\\\/2021\\\/12\\\/cropped-cropped-SRA-Kainuu.vaakuna.png\",\"width\":512,\"height\":512,\"caption\":\"Kainuu SRA\"},\"image\":{\"@id\":\"https:\\\/\\\/kainuusra.fi\\\/#\\\/schema\\\/logo\\\/image\\\/\"}}]}<\/script>\n<!-- \/ Yoast SEO plugin. -->","yoast_head_json":{"title":"Kainuun SRA-strategia - Kainuu SRA","robots":{"index":"index","follow":"follow","max-snippet":"max-snippet:-1","max-image-preview":"max-image-preview:large","max-video-preview":"max-video-preview:-1"},"canonical":"https:\/\/kainuusra.fi\/?page_id=11","og_locale":"fi_FI","og_type":"article","og_title":"Kainuun SRA-strategia - Kainuu SRA","og_url":"https:\/\/kainuusra.fi\/?page_id=11","og_site_name":"Kainuu SRA","article_modified_time":"2024-02-23T11:48:30+00:00","og_image":[{"url":"https:\/\/kainuusra.fi\/wp-content\/uploads\/2021\/12\/strategia-kansi-1024x479.jpg","type":"","width":"","height":""}],"twitter_card":"summary_large_image","twitter_misc":{"Arvioitu lukuaika":"2 minuuttia"},"schema":{"@context":"https:\/\/schema.org","@graph":[{"@type":"WebPage","@id":"https:\/\/kainuusra.fi\/?page_id=11","url":"https:\/\/kainuusra.fi\/?page_id=11","name":"Kainuun SRA-strategia - Kainuu SRA","isPartOf":{"@id":"https:\/\/kainuusra.fi\/#website"},"primaryImageOfPage":{"@id":"https:\/\/kainuusra.fi\/?page_id=11#primaryimage"},"image":{"@id":"https:\/\/kainuusra.fi\/?page_id=11#primaryimage"},"thumbnailUrl":"https:\/\/kainuusra.fi\/wp-content\/uploads\/2021\/12\/strategia-kansi-1024x479.jpg","datePublished":"2021-12-30T10:24:02+00:00","dateModified":"2024-02-23T11:48:30+00:00","breadcrumb":{"@id":"https:\/\/kainuusra.fi\/?page_id=11#breadcrumb"},"inLanguage":"fi","potentialAction":[{"@type":"ReadAction","target":["https:\/\/kainuusra.fi\/?page_id=11"]}]},{"@type":"ImageObject","inLanguage":"fi","@id":"https:\/\/kainuusra.fi\/?page_id=11#primaryimage","url":"https:\/\/kainuusra.fi\/wp-content\/uploads\/2021\/12\/strategia-kansi.jpg","contentUrl":"https:\/\/kainuusra.fi\/wp-content\/uploads\/2021\/12\/strategia-kansi.jpg","width":1792,"height":839},{"@type":"BreadcrumbList","@id":"https:\/\/kainuusra.fi\/?page_id=11#breadcrumb","itemListElement":[{"@type":"ListItem","position":1,"name":"Etusivu","item":"https:\/\/kainuusra.fi\/"},{"@type":"ListItem","position":2,"name":"Kainuun SRA-strategia"}]},{"@type":"WebSite","@id":"https:\/\/kainuusra.fi\/#website","url":"https:\/\/kainuusra.fi\/","name":"Kainuu SRA","description":"Puolesta hengen ja heimon ja maan.","publisher":{"@id":"https:\/\/kainuusra.fi\/#organization"},"potentialAction":[{"@type":"SearchAction","target":{"@type":"EntryPoint","urlTemplate":"https:\/\/kainuusra.fi\/?s={search_term_string}"},"query-input":{"@type":"PropertyValueSpecification","valueRequired":true,"valueName":"search_term_string"}}],"inLanguage":"fi"},{"@type":"Organization","@id":"https:\/\/kainuusra.fi\/#organization","name":"Kainuu SRA","url":"https:\/\/kainuusra.fi\/","logo":{"@type":"ImageObject","inLanguage":"fi","@id":"https:\/\/kainuusra.fi\/#\/schema\/logo\/image\/","url":"https:\/\/kainuusra.fi\/wp-content\/uploads\/2021\/12\/cropped-cropped-SRA-Kainuu.vaakuna.png","contentUrl":"https:\/\/kainuusra.fi\/wp-content\/uploads\/2021\/12\/cropped-cropped-SRA-Kainuu.vaakuna.png","width":512,"height":512,"caption":"Kainuu SRA"},"image":{"@id":"https:\/\/kainuusra.fi\/#\/schema\/logo\/image\/"}}]}},"_links":{"self":[{"href":"https:\/\/kainuusra.fi\/index.php?rest_route=\/wp\/v2\/pages\/11","targetHints":{"allow":["GET"]}}],"collection":[{"href":"https:\/\/kainuusra.fi\/index.php?rest_route=\/wp\/v2\/pages"}],"about":[{"href":"https:\/\/kainuusra.fi\/index.php?rest_route=\/wp\/v2\/types\/page"}],"author":[{"embeddable":true,"href":"https:\/\/kainuusra.fi\/index.php?rest_route=\/wp\/v2\/users\/1"}],"replies":[{"embeddable":true,"href":"https:\/\/kainuusra.fi\/index.php?rest_route=%2Fwp%2Fv2%2Fcomments&post=11"}],"version-history":[{"count":17,"href":"https:\/\/kainuusra.fi\/index.php?rest_route=\/wp\/v2\/pages\/11\/revisions"}],"predecessor-version":[{"id":566,"href":"https:\/\/kainuusra.fi\/index.php?rest_route=\/wp\/v2\/pages\/11\/revisions\/566"}],"wp:attachment":[{"href":"https:\/\/kainuusra.fi\/index.php?rest_route=%2Fwp%2Fv2%2Fmedia&parent=11"}],"curies":[{"name":"wp","href":"https:\/\/api.w.org\/{rel}","templated":true}]}}