{"id":7,"date":"2021-12-30T10:24:02","date_gmt":"2021-12-30T10:24:02","guid":{"rendered":"https:\/\/kainuusra.fi\/?page_id=7"},"modified":"2025-04-07T19:51:17","modified_gmt":"2025-04-07T16:51:17","slug":"etusivu","status":"publish","type":"page","link":"https:\/\/kainuusra.fi\/","title":{"rendered":"Etusivu"},"content":{"rendered":"\n<div class=\"wp-block-cover alignfull is-light\" style=\"min-height:683px;aspect-ratio:unset;\"><span aria-hidden=\"true\" class=\"wp-block-cover__background has-background-dim\"><\/span><img loading=\"lazy\" decoding=\"async\" width=\"1200\" height=\"1200\" class=\"wp-block-cover__image-background wp-image-43\" alt=\"\" src=\"https:\/\/kainuusra.fi\/wp-content\/uploads\/2021\/12\/IMG_20200816_210316_774.jpg\" style=\"object-position:50% 42%\" data-object-fit=\"cover\" data-object-position=\"50% 42%\" srcset=\"https:\/\/kainuusra.fi\/wp-content\/uploads\/2021\/12\/IMG_20200816_210316_774.jpg 1200w, https:\/\/kainuusra.fi\/wp-content\/uploads\/2021\/12\/IMG_20200816_210316_774-300x300.jpg 300w, https:\/\/kainuusra.fi\/wp-content\/uploads\/2021\/12\/IMG_20200816_210316_774-1024x1024.jpg 1024w, https:\/\/kainuusra.fi\/wp-content\/uploads\/2021\/12\/IMG_20200816_210316_774-150x150.jpg 150w, https:\/\/kainuusra.fi\/wp-content\/uploads\/2021\/12\/IMG_20200816_210316_774-768x768.jpg 768w\" sizes=\"auto, (max-width: 1200px) 100vw, 1200px\" \/><div class=\"wp-block-cover__inner-container is-layout-flow wp-block-cover-is-layout-flow\">\n<div style=\"height:80px\" aria-hidden=\"true\" class=\"wp-block-spacer\"><\/div>\n\n\n\n<h1 class=\"wp-block-heading has-text-align-center has-nv-site-bg-color has-text-color\">Kainuulaisen sovelletun reservil\u00e4isammunnan edist\u00e4miseksi<\/h1>\n\n\n\n<p class=\"has-text-align-center has-nv-site-bg-color has-text-color\" style=\"font-size:17px\">Tutustu sis\u00e4lt\u00f6\u00f6n ja tule mukaan.<\/p>\n\n\n\n<div class=\"wp-block-buttons is-horizontal is-content-justification-center is-layout-flex wp-container-core-buttons-is-layout-499968f5 wp-block-buttons-is-layout-flex\">\n<div class=\"wp-block-button is-style-primary\"><a class=\"wp-block-button__link wp-element-button\" href=\"https:\/\/kainuusra.fi\/?page_id=11\">Miten mukaan<\/a><\/div>\n\n\n\n<div class=\"wp-block-button is-style-secondary\"><a class=\"wp-block-button__link wp-element-button\" href=\"https:\/\/kainuusra.fi\/?post_type=tribe_events\" target=\"_blank\" rel=\"noreferrer noopener\">Tapahtumakalenteri<\/a><\/div>\n<\/div>\n\n\n\n<div style=\"height:80px\" aria-hidden=\"true\" class=\"wp-block-spacer\"><\/div>\n\n\n\n<div style=\"height:80px\" aria-hidden=\"true\" class=\"wp-block-spacer\"><\/div>\n<\/div><\/div>\n\n\n\n<div style=\"height:23px\" aria-hidden=\"true\" class=\"wp-block-spacer\"><\/div>\n\n\n\n<div class=\"wp-block-columns is-layout-flex wp-container-core-columns-is-layout-9d6595d7 wp-block-columns-is-layout-flex\">\n<div class=\"wp-block-column is-layout-flow wp-block-column-is-layout-flow\">\n<h3 class=\"wp-block-heading has-text-align-center has-neve-text-color-color has-text-color\">Turvallista<\/h3>\n\n\n\n<p class=\"has-text-align-center\">SRA mittaa ja kehitt\u00e4\u00e4 konkreettisesti ampuj<a href=\"https:\/\/kainuusra.fi\/wp-login.php\" rel=\"nofollow\">a<\/a>n turvallista toimintaa.<\/p>\n\n\n\n<div style=\"height:20px\" aria-hidden=\"true\" class=\"wp-block-spacer\"><\/div>\n<\/div>\n\n\n\n<div class=\"wp-block-column is-layout-flow wp-block-column-is-layout-flow\">\n<h3 class=\"wp-block-heading has-text-align-center has-neve-text-color-color has-text-color\">Laatua<\/h3>\n\n\n\n<p class=\"has-text-align-center\">Hyv\u00e4 maakunnallinen yhteistoiminta palvelee paikallisesti.<\/p>\n\n\n\n<div style=\"height:20px\" aria-hidden=\"true\" class=\"wp-block-spacer\"><\/div>\n<\/div>\n\n\n\n<div class=\"wp-block-column is-layout-flow wp-block-column-is-layout-flow\">\n<h3 class=\"wp-block-heading has-text-align-center has-neve-text-color-color has-text-color\">Liikuntaa<\/h3>\n\n\n\n<p class=\"has-text-align-center\">Ei niin nopeaa suoritusta etteik\u00f6 sit\u00e4 ampumalla saa haastavammaksi.<\/p>\n\n\n\n<div style=\"height:20px\" aria-hidden=\"true\" class=\"wp-block-spacer\"><\/div>\n<\/div>\n<\/div>\n\n\n\n<div style=\"height:24px\" aria-hidden=\"true\" class=\"wp-block-spacer\"><\/div>\n\n\n\n<div  class=\"tribe-compatibility-container\" >\n\t<div\n\t\t class=\"tribe-common tribe-events tribe-events-view tribe-events-view--widget-events-list tribe-events-widget\" \t\tdata-js=\"tribe-events-view\"\n\t\tdata-view-rest-url=\"https:\/\/kainuusra.fi\/index.php?rest_route=\/tribe\/views\/v2\/html\"\n\t\tdata-view-manage-url=\"1\"\n\t\t\t\t\t\t\tdata-view-breakpoint-pointer=\"ed3951df-f175-432e-9693-896e90d44148\"\n\t\t\t>\n\t\t<div class=\"tribe-events-widget-events-list\">\n\n\t\t\t<script type=\"application\/ld+json\">\r\n[{\"@context\":\"http:\/\/schema.org\",\"@type\":\"Event\",\"name\":\"Kainuu SRA PM 2026 (Puolanka)\",\"description\":\"&lt;p&gt;&quot;Er\\u00e4maan laki&quot; \\u00a0Mets\\u00e4 ei unohda. Eik\\u00e4 karhu anna varoituksia kahdesti. https:\/\/youtu.be\/LAKj0hwtG9M K\\u00e4siohjelma 2026 (final): https:\/\/kainuusra.fi\/wp-content\/uploads\/2026\/05\/Kasiohjelma-Final-2026.docx.pdf SRA Kainuu PM 2026 kilpailu ammutaan Puolangalla 15.-16.5.2026. Toimitsijakilpailu perjantaina 15.5. ja p\\u00e4\\u00e4kilpailu 16.5. lauantaina.&hellip;&nbsp;&lt;a href=&quot;https:\/\/kainuusra.fi\/?tribe_events=kainuu-sra-pm-2026-puolanka&quot; rel=&quot;bookmark&quot;&gt;Lue lis\\u00e4\\u00e4 &raquo;&lt;span class=&quot;screen-reader-text&quot;&gt;Kainuu SRA PM 2026 (Puolanka)&lt;\/span&gt;&lt;\/a&gt;&lt;\/p&gt;\\\\n\",\"url\":\"https:\/\/kainuusra.fi\/?tribe_events=kainuu-sra-pm-2026-puolanka\",\"eventAttendanceMode\":\"https:\/\/schema.org\/OfflineEventAttendanceMode\",\"eventStatus\":\"https:\/\/schema.org\/EventScheduled\",\"startDate\":\"2026-05-15T08:00:00+03:00\",\"endDate\":\"2026-05-16T17:00:00+03:00\",\"location\":{\"@type\":\"Place\",\"name\":\"Puolangan ampujien toiminnallinen rata\",\"description\":\"\",\"url\":\"\",\"address\":{\"@type\":\"PostalAddress\",\"streetAddress\":\"Pudasj\\u00e4rventie 89\",\"addressLocality\":\"Puolanka\",\"postalCode\":\"89200\",\"addressCountry\":\"Suomi\"},\"telephone\":\"\",\"sameAs\":\"\"},\"organizer\":{\"@type\":\"Person\",\"name\":\"Puolangan Reservil\\u00e4iset ry.\",\"description\":\"\",\"url\":\"https:\/\/puolangan-reservilaiset.reservilaisliitto.fi\/\",\"telephone\":\"\",\"email\":\"&#112;&#117;&#111;&#108;&#97;n&#107;&#97;&#64;&#107;a&#105;&#110;&#117;u&#115;r&#97;&#46;&#102;&#105;\",\"sameAs\":\"https:\/\/puolangan-reservilaiset.reservilaisliitto.fi\/\"},\"offers\":{\"@type\":\"Offer\",\"price\":\"70\",\"priceCurrency\":\"EUR\",\"url\":\"https:\/\/kainuusra.fi\/?tribe_events=kainuu-sra-pm-2026-puolanka\",\"category\":\"primary\",\"availability\":\"inStock\",\"validFrom\":\"1970-01-01T00:00:00+00:00\"},\"performer\":\"Organization\"}]\r\n<\/script>\n\t\t\t<script data-js=\"tribe-events-view-data\" type=\"application\/json\">\n\t{\"slug\":\"widget-events-list\",\"prev_url\":\"\",\"next_url\":\"\",\"view_class\":\"Tribe\\\\Events\\\\Views\\\\V2\\\\Views\\\\Widgets\\\\Widget_List_View\",\"view_slug\":\"widget-events-list\",\"view_label\":\"View\",\"view\":null,\"should_manage_url\":true,\"id\":null,\"alias-slugs\":null,\"title\":\"Tapahtumat alkaen 13.05. \\u2013 15.05. \\u2013 Kainuu SRA\",\"limit\":\"5\",\"no_upcoming_events\":false,\"featured_events_only\":false,\"jsonld_enable\":true,\"tribe_is_list_widget\":false,\"admin_fields\":{\"title\":{\"label\":\"Otsikko:\",\"type\":\"text\",\"parent_classes\":\"\",\"classes\":\"\",\"dependency\":\"\",\"id\":\"widget-tribe-widget-events-list--1-title\",\"name\":\"widget-tribe-widget-events-list[-1][title]\",\"options\":[],\"placeholder\":\"\",\"value\":null},\"limit\":{\"label\":\"N\\u00e4yt\\u00e4:\",\"type\":\"number\",\"default\":5,\"min\":1,\"max\":10,\"step\":1,\"parent_classes\":\"\",\"classes\":\"\",\"dependency\":\"\",\"id\":\"widget-tribe-widget-events-list--1-limit\",\"name\":\"widget-tribe-widget-events-list[-1][limit]\",\"options\":[],\"placeholder\":\"\",\"value\":null},\"no_upcoming_events\":{\"label\":\"Piilota t\\u00e4m\\u00e4 vimpain jos ei ole tulevia tapahtumia.\",\"type\":\"checkbox\",\"parent_classes\":\"\",\"classes\":\"\",\"dependency\":\"\",\"id\":\"widget-tribe-widget-events-list--1-no_upcoming_events\",\"name\":\"widget-tribe-widget-events-list[-1][no_upcoming_events]\",\"options\":[],\"placeholder\":\"\",\"value\":null},\"featured_events_only\":{\"label\":\"Rajoita vain kiinnitettyihin tapahtumiin\",\"type\":\"checkbox\",\"parent_classes\":\"\",\"classes\":\"\",\"dependency\":\"\",\"id\":\"widget-tribe-widget-events-list--1-featured_events_only\",\"name\":\"widget-tribe-widget-events-list[-1][featured_events_only]\",\"options\":[],\"placeholder\":\"\",\"value\":null},\"jsonld_enable\":{\"label\":\"Generate JSON-LD data\",\"type\":\"checkbox\",\"parent_classes\":\"\",\"classes\":\"\",\"dependency\":\"\",\"id\":\"widget-tribe-widget-events-list--1-jsonld_enable\",\"name\":\"widget-tribe-widget-events-list[-1][jsonld_enable]\",\"options\":[],\"placeholder\":\"\",\"value\":null}},\"events\":[902],\"url\":\"https:\\\/\\\/kainuusra.fi\\\/?post_type=tribe_events&eventDisplay=widget-events-list\",\"url_event_date\":false,\"bar\":{\"keyword\":\"\",\"date\":\"\"},\"today\":\"2026-05-13 00:00:00\",\"now\":\"2026-05-13 01:38:30\",\"home_url\":\"https:\\\/\\\/kainuusra.fi\",\"rest_url\":\"https:\\\/\\\/kainuusra.fi\\\/index.php?rest_route=\\\/tribe\\\/views\\\/v2\\\/html\",\"rest_method\":\"GET\",\"rest_nonce\":\"\",\"today_url\":\"https:\\\/\\\/kainuusra.fi\\\/?post_type=tribe_events&eventDisplay=widget-events-list\",\"today_title\":\"Klikkaa valitaksesi t\\u00e4m\\u00e4 p\\u00e4iv\\u00e4\",\"today_label\":\"T\\u00e4n\\u00e4\\u00e4n\",\"prev_label\":\"\",\"next_label\":\"\",\"date_formats\":{\"compact\":\"d.m.Y\",\"month_and_year_compact\":\"m.Y\",\"month_and_year\":\"F Y\",\"time_range_separator\":\" - \",\"date_time_separator\":\" @ \"},\"messages\":[],\"start_of_week\":\"1\",\"header_title\":\"\",\"header_title_element\":\"h1\",\"content_title\":\"\",\"show_content_title\":false,\"breadcrumbs\":[],\"backlink\":false,\"before_events\":\"<hr \\\/>\\n<p><a href=\\\"https:\\\/\\\/kainuusra.fi\\\/?post_type=tribe_events\\\">[Kaikki]<\\\/a> <a href=\\\"https:\\\/\\\/kainuusra.fi\\\/?tribe_events_cat=sra\\\">[SRA]<\\\/a> <a href=\\\"https:\\\/\\\/kainuusra.fi\\\/?tribe_events_cat=ipsc\\\">[IPSC]<\\\/a> <a href=\\\"https:\\\/\\\/kainuusra.fi\\\/?tribe_events_cat=ipsc\\\">[IDPA]<\\\/a><\\\/p>\\n<hr \\\/>\\n\",\"after_events\":\"<hr \\\/>\\n<p><a href=\\\"https:\\\/\\\/kainuusra.fi\\\/?post_type=tribe_events\\\">[Kaikki]<\\\/a> <a href=\\\"https:\\\/\\\/kainuusra.fi\\\/?tribe_events_cat=sra\\\">[SRA]<\\\/a> <a href=\\\"https:\\\/\\\/kainuusra.fi\\\/?tribe_events_cat=ipsc\\\">[IPSC]<\\\/a> <a href=\\\"https:\\\/\\\/kainuusra.fi\\\/?tribe_events_cat=ipsc\\\">[IDPA]<\\\/a><\\\/p>\\n<hr \\\/>\\n\\n<!--\\nThis calendar is powered by The Events Calendar.\\nhttp:\\\/\\\/evnt.is\\\/18wn\\n-->\\n\",\"display_events_bar\":false,\"disable_event_search\":true,\"live_refresh\":true,\"ical\":{\"display_link\":true,\"link\":{\"url\":\"https:\\\/\\\/kainuusra.fi\\\/?post_type=tribe_events&#038;eventDisplay=widget-events-list&#038;ical=1\",\"text\":\"Vie Tapahtumat\",\"title\":\"K\\u00e4yt\\u00e4 t\\u00e4t\\u00e4 jakaaksesi kalenterin tiedot Google-kalenterin, Apple iCal:in ja muiden yhteensopivien sovellusten kanssa\"}},\"container_classes\":[\"tribe-common\",\"tribe-events\",\"tribe-events-view\",\"tribe-events-view--widget-events-list\",\"tribe-events-widget\"],\"container_data\":[],\"is_past\":false,\"breakpoints\":{\"xsmall\":500,\"medium\":768,\"full\":960},\"breakpoint_pointer\":\"ed3951df-f175-432e-9693-896e90d44148\",\"is_initial_load\":false,\"public_views\":{\"list\":{\"view_class\":\"Tribe\\\\Events\\\\Views\\\\V2\\\\Views\\\\List_View\",\"view_url\":\"https:\\\/\\\/kainuusra.fi\\\/?post_type=tribe_events&eventDisplay=list\",\"view_label\":\"Lista\",\"aria_label\":\"Display Tapahtumat in Lista View\"},\"month\":{\"view_class\":\"Tribe\\\\Events\\\\Views\\\\V2\\\\Views\\\\Month_View\",\"view_url\":\"https:\\\/\\\/kainuusra.fi\\\/?post_type=tribe_events&eventDisplay=month\",\"view_label\":\"Kuukausi\",\"aria_label\":\"Display Tapahtumat in Kuukausi View\"},\"day\":{\"view_class\":\"Tribe\\\\Events\\\\Views\\\\V2\\\\Views\\\\Day_View\",\"view_url\":\"https:\\\/\\\/kainuusra.fi\\\/?post_type=tribe_events&eventDisplay=day\",\"view_label\":\"P\\u00e4iv\\u00e4\",\"aria_label\":\"Display Tapahtumat in P\\u00e4iv\\u00e4 View\"}},\"show_latest_past\":false,\"past\":false,\"compatibility_classes\":[\"tribe-compatibility-container\"],\"view_more_text\":\"N\\u00e4yt\\u00e4 kalenteri\",\"view_more_title\":\"N\\u00e4yt\\u00e4 enemm\\u00e4n tapahtumat.\",\"view_more_link\":\"https:\\\/\\\/kainuusra.fi\",\"widget_title\":\"Tulevat tapahtumat\",\"hide_if_no_upcoming_events\":false,\"display\":[],\"subscribe_links\":{\"gcal\":{\"label\":\"Google-kalenteri\",\"single_label\":\"Lis\\u00e4\\u00e4 Google-kalenteriin\",\"visible\":true,\"block_slug\":\"hasGoogleCalendar\"},\"ical\":{\"label\":\"iCalendar\",\"single_label\":\"Lis\\u00e4\\u00e4 iCalendariin\",\"visible\":true,\"block_slug\":\"hasiCal\"},\"outlook-365\":{\"label\":\"Outlook 365\",\"single_label\":\"Outlook 365\",\"visible\":true,\"block_slug\":\"hasOutlook365\"},\"outlook-live\":{\"label\":\"Outlook Live\",\"single_label\":\"Outlook Live\",\"visible\":true,\"block_slug\":\"hasOutlookLive\"},\"ics\":{\"label\":\"Vie .ics-tiedostona\",\"single_label\":\"Vie .ics-tiedostona\",\"visible\":true,\"block_slug\":null},\"outlook-ics\":{\"label\":\"Vie Outlook .ics -tiedostoon\",\"single_label\":\"Vie Outlook .ics -tiedostoon\",\"visible\":true,\"block_slug\":null}},\"_context\":{\"slug\":\"widget-events-list\"}}<\/script>\n\n\t\t\t\t\t\t\t<header class=\"tribe-events-widget-events-list__header\">\n\t\t\t\t\t<h2 class=\"tribe-events-widget-events-list__header-title tribe-common-h6 tribe-common-h--alt\">\n\t\t\t\t\t\tTulevat tapahtumat\t\t\t\t\t<\/h2>\n\t\t\t\t<\/header>\n\t\t\t\n\t\t\t\n\t\t\t\t<div class=\"tribe-events-widget-events-list__events\">\n\t\t\t\t\t\t\t\t\t\t\t<div  class=\"tribe-common-g-row tribe-events-widget-events-list__event-row\" >\n\n\t<div class=\"tribe-events-widget-events-list__event-date-tag tribe-common-g-col\">\n\t<time class=\"tribe-events-widget-events-list__event-date-tag-datetime\" datetime=\"2026-05-15\">\n\t\t<span class=\"tribe-events-widget-events-list__event-date-tag-month\">\n\t\t\ttouko\t\t<\/span>\n\t\t<span class=\"tribe-events-widget-events-list__event-date-tag-daynum tribe-common-h2 tribe-common-h4--min-medium\">\n\t\t\t15\t\t<\/span>\n\t<\/time>\n<\/div>\n\n\t<div class=\"tribe-events-widget-events-list__event-wrapper tribe-common-g-col\">\n\t\t<article  class=\"tribe-events-widget-events-list__event post-902 tribe_events type-tribe_events status-publish hentry tribe_events_cat-kainuucup tribe_events_cat-kisat tribe_events_cat-sra\" >\n\t\t\t<div class=\"tribe-events-widget-events-list__event-details\">\n\n\t\t\t\t<header class=\"tribe-events-widget-events-list__event-header\">\n\t\t\t\t\t<div class=\"tribe-events-widget-events-list__event-datetime-wrapper tribe-common-b2 tribe-common-b3--min-medium\">\n\t\t<time class=\"tribe-events-widget-events-list__event-datetime\" datetime=\"2026-05-15\">\n\t\t<span class=\"tribe-event-date-start\">15.05. @ 8:00 am<\/span> &#8211; <span class=\"tribe-event-date-end\">16.05. @ 5:00 pm<\/span>\t<\/time>\n\t<\/div>\n\t\t\t\t\t<h3 class=\"tribe-events-widget-events-list__event-title tribe-common-h7\">\n\t<a\n\t\thref=\"https:\/\/kainuusra.fi\/?tribe_events=kainuu-sra-pm-2026-puolanka\"\n\t\ttitle=\"Kainuu SRA PM 2026 (Puolanka)\"\n\t\trel=\"bookmark\"\n\t\tclass=\"tribe-events-widget-events-list__event-title-link tribe-common-anchor-thin\"\n\t>\n\t\tKainuu SRA PM 2026 (Puolanka)\t<\/a>\n<\/h3>\n\t\t\t\t<\/header>\n\n\t\t\t\t\n\t\t\t<\/div>\n\t\t<\/article>\n\t<\/div>\n\n<\/div>\n\t\t\t\t\t\t\t\t\t<\/div>\n\n\t\t\t\t<div class=\"tribe-events-widget-events-list__view-more tribe-common-b1 tribe-common-b2--min-medium\">\n\t<a\n\t\thref=\"https:\/\/kainuusra.fi\"\n\t\tclass=\"tribe-events-widget-events-list__view-more-link tribe-common-anchor-thin\"\n\t\ttitle=\"N\u00e4yt\u00e4 enemm\u00e4n tapahtumat.\"\n\t>\n\t\tN\u00e4yt\u00e4 kalenteri\t<\/a>\n<\/div>\n\n\t\t\t\t\t<\/div>\n\t<\/div>\n<\/div>\n<script data-js='tribe-events-view-nonce-data' type='application\/json'>{\"tvn1\":\"0378199323\",\"tvn2\":\"\"}<\/script>\n\n\n\n<div style=\"height:40px\" aria-hidden=\"true\" class=\"wp-block-spacer\"><\/div>\n\n\n\n<div class=\"wp-block-columns is-layout-flex wp-container-core-columns-is-layout-9d6595d7 wp-block-columns-is-layout-flex\">\n<div class=\"wp-block-column is-layout-flow wp-block-column-is-layout-flow\" style=\"flex-basis:25%\"><\/div>\n\n\n\n<div class=\"wp-block-column is-layout-flow wp-block-column-is-layout-flow\" style=\"flex-basis:50%\"><div class=\"wp-block-image\">\n<figure class=\"aligncenter is-resized\"><img loading=\"lazy\" decoding=\"async\" width=\"866\" height=\"1024\" src=\"https:\/\/kainuusra.fi\/wp-content\/uploads\/2021\/12\/SRA-Kainuu.vaakuna-866x1024.png\" alt=\"\" class=\"wp-image-26\" style=\"width:76px;height:auto\" srcset=\"https:\/\/kainuusra.fi\/wp-content\/uploads\/2021\/12\/SRA-Kainuu.vaakuna-866x1024.png 866w, https:\/\/kainuusra.fi\/wp-content\/uploads\/2021\/12\/SRA-Kainuu.vaakuna-254x300.png 254w, https:\/\/kainuusra.fi\/wp-content\/uploads\/2021\/12\/SRA-Kainuu.vaakuna-768x908.png 768w, https:\/\/kainuusra.fi\/wp-content\/uploads\/2021\/12\/SRA-Kainuu.vaakuna.png 1280w\" sizes=\"auto, (max-width: 866px) 100vw, 866px\" \/><\/figure>\n<\/div><\/div>\n\n\n\n<div class=\"wp-block-column is-layout-flow wp-block-column-is-layout-flow\" style=\"flex-basis:25%\"><\/div>\n<\/div>\n","protected":false},"excerpt":{"rendered":"<p>Turvallista SRA mittaa ja kehitt\u00e4\u00e4 konkreettisesti ampujan turvallista toimintaa. Laatua Hyv\u00e4 maakunnallinen yhteistoiminta palvelee paikallisesti. Liikuntaa Ei niin nopeaa suoritusta etteik\u00f6 sit\u00e4 ampumalla saa haastavammaksi.<\/p>\n","protected":false},"author":1,"featured_media":0,"parent":0,"menu_order":0,"comment_status":"closed","ping_status":"closed","template":"","meta":{"neve_meta_sidebar":"full-width","neve_meta_container":"full-width","neve_meta_enable_content_width":"on","neve_meta_content_width":100,"neve_meta_title_alignment":"","neve_meta_author_avatar":"","neve_post_elements_order":"","neve_meta_disable_header":"off","neve_meta_disable_footer":"off","neve_meta_disable_title":"on","footnotes":""},"class_list":["post-7","page","type-page","status-publish","hentry"],"yoast_head":"<!-- This site is optimized with the Yoast SEO plugin v27.5 - https:\/\/yoast.com\/product\/yoast-seo-wordpress\/ -->\n<title>Etusivu - Kainuu SRA<\/title>\n<meta name=\"robots\" content=\"index, follow, max-snippet:-1, max-image-preview:large, max-video-preview:-1\" \/>\n<link rel=\"canonical\" href=\"https:\/\/kainuusra.fi\/\" \/>\n<meta property=\"og:locale\" content=\"fi_FI\" \/>\n<meta property=\"og:type\" content=\"article\" \/>\n<meta property=\"og:title\" content=\"Etusivu - Kainuu SRA\" \/>\n<meta property=\"og:description\" content=\"Turvallista SRA mittaa ja kehitt\u00e4\u00e4 konkreettisesti ampujan turvallista toimintaa. Laatua Hyv\u00e4 maakunnallinen yhteistoiminta palvelee paikallisesti. Liikuntaa Ei niin nopeaa suoritusta etteik\u00f6 sit\u00e4 ampumalla saa haastavammaksi.\" \/>\n<meta property=\"og:url\" content=\"https:\/\/kainuusra.fi\/\" \/>\n<meta property=\"og:site_name\" content=\"Kainuu SRA\" \/>\n<meta property=\"article:modified_time\" content=\"2025-04-07T16:51:17+00:00\" \/>\n<meta property=\"og:image\" content=\"https:\/\/kainuusra.fi\/wp-content\/uploads\/2021\/12\/IMG_20200816_210316_774.jpg\" \/>\n\t<meta property=\"og:image:width\" content=\"1200\" \/>\n\t<meta property=\"og:image:height\" content=\"1200\" \/>\n\t<meta property=\"og:image:type\" content=\"image\/jpeg\" \/>\n<meta name=\"twitter:card\" content=\"summary_large_image\" \/>\n<meta name=\"twitter:label1\" content=\"Arvioitu lukuaika\" \/>\n\t<meta name=\"twitter:data1\" content=\"2 minuuttia\" \/>\n<script type=\"application\/ld+json\" class=\"yoast-schema-graph\">{\"@context\":\"https:\\\/\\\/schema.org\",\"@graph\":[{\"@type\":\"WebPage\",\"@id\":\"https:\\\/\\\/kainuusra.fi\\\/\",\"url\":\"https:\\\/\\\/kainuusra.fi\\\/\",\"name\":\"Etusivu - Kainuu SRA\",\"isPartOf\":{\"@id\":\"https:\\\/\\\/kainuusra.fi\\\/#website\"},\"primaryImageOfPage\":{\"@id\":\"https:\\\/\\\/kainuusra.fi\\\/#primaryimage\"},\"image\":{\"@id\":\"https:\\\/\\\/kainuusra.fi\\\/#primaryimage\"},\"thumbnailUrl\":\"https:\\\/\\\/kainuusra.fi\\\/wp-content\\\/uploads\\\/2021\\\/12\\\/IMG_20200816_210316_774.jpg\",\"datePublished\":\"2021-12-30T10:24:02+00:00\",\"dateModified\":\"2025-04-07T16:51:17+00:00\",\"breadcrumb\":{\"@id\":\"https:\\\/\\\/kainuusra.fi\\\/#breadcrumb\"},\"inLanguage\":\"fi\",\"potentialAction\":[{\"@type\":\"ReadAction\",\"target\":[\"https:\\\/\\\/kainuusra.fi\\\/\"]}]},{\"@type\":\"ImageObject\",\"inLanguage\":\"fi\",\"@id\":\"https:\\\/\\\/kainuusra.fi\\\/#primaryimage\",\"url\":\"https:\\\/\\\/kainuusra.fi\\\/wp-content\\\/uploads\\\/2021\\\/12\\\/IMG_20200816_210316_774.jpg\",\"contentUrl\":\"https:\\\/\\\/kainuusra.fi\\\/wp-content\\\/uploads\\\/2021\\\/12\\\/IMG_20200816_210316_774.jpg\",\"width\":1200,\"height\":1200},{\"@type\":\"BreadcrumbList\",\"@id\":\"https:\\\/\\\/kainuusra.fi\\\/#breadcrumb\",\"itemListElement\":[{\"@type\":\"ListItem\",\"position\":1,\"name\":\"Etusivu\",\"item\":\"https:\\\/\\\/kainuusra.fi\\\/\"},{\"@type\":\"ListItem\",\"position\":2,\"name\":\"Etusivu\"}]},{\"@type\":\"WebSite\",\"@id\":\"https:\\\/\\\/kainuusra.fi\\\/#website\",\"url\":\"https:\\\/\\\/kainuusra.fi\\\/\",\"name\":\"Kainuu SRA\",\"description\":\"Puolesta hengen ja heimon ja maan.\",\"publisher\":{\"@id\":\"https:\\\/\\\/kainuusra.fi\\\/#organization\"},\"potentialAction\":[{\"@type\":\"SearchAction\",\"target\":{\"@type\":\"EntryPoint\",\"urlTemplate\":\"https:\\\/\\\/kainuusra.fi\\\/?s={search_term_string}\"},\"query-input\":{\"@type\":\"PropertyValueSpecification\",\"valueRequired\":true,\"valueName\":\"search_term_string\"}}],\"inLanguage\":\"fi\"},{\"@type\":\"Organization\",\"@id\":\"https:\\\/\\\/kainuusra.fi\\\/#organization\",\"name\":\"Kainuu SRA\",\"url\":\"https:\\\/\\\/kainuusra.fi\\\/\",\"logo\":{\"@type\":\"ImageObject\",\"inLanguage\":\"fi\",\"@id\":\"https:\\\/\\\/kainuusra.fi\\\/#\\\/schema\\\/logo\\\/image\\\/\",\"url\":\"https:\\\/\\\/kainuusra.fi\\\/wp-content\\\/uploads\\\/2021\\\/12\\\/cropped-cropped-SRA-Kainuu.vaakuna.png\",\"contentUrl\":\"https:\\\/\\\/kainuusra.fi\\\/wp-content\\\/uploads\\\/2021\\\/12\\\/cropped-cropped-SRA-Kainuu.vaakuna.png\",\"width\":512,\"height\":512,\"caption\":\"Kainuu SRA\"},\"image\":{\"@id\":\"https:\\\/\\\/kainuusra.fi\\\/#\\\/schema\\\/logo\\\/image\\\/\"}}]}<\/script>\n<!-- \/ Yoast SEO plugin. -->","yoast_head_json":{"title":"Etusivu - Kainuu SRA","robots":{"index":"index","follow":"follow","max-snippet":"max-snippet:-1","max-image-preview":"max-image-preview:large","max-video-preview":"max-video-preview:-1"},"canonical":"https:\/\/kainuusra.fi\/","og_locale":"fi_FI","og_type":"article","og_title":"Etusivu - Kainuu SRA","og_description":"Turvallista SRA mittaa ja kehitt\u00e4\u00e4 konkreettisesti ampujan turvallista toimintaa. Laatua Hyv\u00e4 maakunnallinen yhteistoiminta palvelee paikallisesti. Liikuntaa Ei niin nopeaa suoritusta etteik\u00f6 sit\u00e4 ampumalla saa haastavammaksi.","og_url":"https:\/\/kainuusra.fi\/","og_site_name":"Kainuu SRA","article_modified_time":"2025-04-07T16:51:17+00:00","og_image":[{"width":1200,"height":1200,"url":"https:\/\/kainuusra.fi\/wp-content\/uploads\/2021\/12\/IMG_20200816_210316_774.jpg","type":"image\/jpeg"}],"twitter_card":"summary_large_image","twitter_misc":{"Arvioitu lukuaika":"2 minuuttia"},"schema":{"@context":"https:\/\/schema.org","@graph":[{"@type":"WebPage","@id":"https:\/\/kainuusra.fi\/","url":"https:\/\/kainuusra.fi\/","name":"Etusivu - Kainuu SRA","isPartOf":{"@id":"https:\/\/kainuusra.fi\/#website"},"primaryImageOfPage":{"@id":"https:\/\/kainuusra.fi\/#primaryimage"},"image":{"@id":"https:\/\/kainuusra.fi\/#primaryimage"},"thumbnailUrl":"https:\/\/kainuusra.fi\/wp-content\/uploads\/2021\/12\/IMG_20200816_210316_774.jpg","datePublished":"2021-12-30T10:24:02+00:00","dateModified":"2025-04-07T16:51:17+00:00","breadcrumb":{"@id":"https:\/\/kainuusra.fi\/#breadcrumb"},"inLanguage":"fi","potentialAction":[{"@type":"ReadAction","target":["https:\/\/kainuusra.fi\/"]}]},{"@type":"ImageObject","inLanguage":"fi","@id":"https:\/\/kainuusra.fi\/#primaryimage","url":"https:\/\/kainuusra.fi\/wp-content\/uploads\/2021\/12\/IMG_20200816_210316_774.jpg","contentUrl":"https:\/\/kainuusra.fi\/wp-content\/uploads\/2021\/12\/IMG_20200816_210316_774.jpg","width":1200,"height":1200},{"@type":"BreadcrumbList","@id":"https:\/\/kainuusra.fi\/#breadcrumb","itemListElement":[{"@type":"ListItem","position":1,"name":"Etusivu","item":"https:\/\/kainuusra.fi\/"},{"@type":"ListItem","position":2,"name":"Etusivu"}]},{"@type":"WebSite","@id":"https:\/\/kainuusra.fi\/#website","url":"https:\/\/kainuusra.fi\/","name":"Kainuu SRA","description":"Puolesta hengen ja heimon ja maan.","publisher":{"@id":"https:\/\/kainuusra.fi\/#organization"},"potentialAction":[{"@type":"SearchAction","target":{"@type":"EntryPoint","urlTemplate":"https:\/\/kainuusra.fi\/?s={search_term_string}"},"query-input":{"@type":"PropertyValueSpecification","valueRequired":true,"valueName":"search_term_string"}}],"inLanguage":"fi"},{"@type":"Organization","@id":"https:\/\/kainuusra.fi\/#organization","name":"Kainuu SRA","url":"https:\/\/kainuusra.fi\/","logo":{"@type":"ImageObject","inLanguage":"fi","@id":"https:\/\/kainuusra.fi\/#\/schema\/logo\/image\/","url":"https:\/\/kainuusra.fi\/wp-content\/uploads\/2021\/12\/cropped-cropped-SRA-Kainuu.vaakuna.png","contentUrl":"https:\/\/kainuusra.fi\/wp-content\/uploads\/2021\/12\/cropped-cropped-SRA-Kainuu.vaakuna.png","width":512,"height":512,"caption":"Kainuu SRA"},"image":{"@id":"https:\/\/kainuusra.fi\/#\/schema\/logo\/image\/"}}]}},"_links":{"self":[{"href":"https:\/\/kainuusra.fi\/index.php?rest_route=\/wp\/v2\/pages\/7","targetHints":{"allow":["GET"]}}],"collection":[{"href":"https:\/\/kainuusra.fi\/index.php?rest_route=\/wp\/v2\/pages"}],"about":[{"href":"https:\/\/kainuusra.fi\/index.php?rest_route=\/wp\/v2\/types\/page"}],"author":[{"embeddable":true,"href":"https:\/\/kainuusra.fi\/index.php?rest_route=\/wp\/v2\/users\/1"}],"replies":[{"embeddable":true,"href":"https:\/\/kainuusra.fi\/index.php?rest_route=%2Fwp%2Fv2%2Fcomments&post=7"}],"version-history":[{"count":13,"href":"https:\/\/kainuusra.fi\/index.php?rest_route=\/wp\/v2\/pages\/7\/revisions"}],"predecessor-version":[{"id":811,"href":"https:\/\/kainuusra.fi\/index.php?rest_route=\/wp\/v2\/pages\/7\/revisions\/811"}],"wp:attachment":[{"href":"https:\/\/kainuusra.fi\/index.php?rest_route=%2Fwp%2Fv2%2Fmedia&parent=7"}],"curies":[{"name":"wp","href":"https:\/\/api.w.org\/{rel}","templated":true}]}}