{"id":952,"date":"2026-05-03T18:31:17","date_gmt":"2026-05-03T15:31:17","guid":{"rendered":"https:\/\/kainuusra.fi\/?page_id=952"},"modified":"2026-05-03T18:31:19","modified_gmt":"2026-05-03T15:31:19","slug":"tuomarille-sra-ampujan-kokeen-vastaanottaminen","status":"publish","type":"page","link":"https:\/\/kainuusra.fi\/?page_id=952","title":{"rendered":"Tuomarille: SRA -ampujan kokeen vastaanottaminen"},"content":{"rendered":"\n<p>Olet ollut tuomarina yli puoli vuotta ja sinulla on kyky ottaa ampujan koe vastaan.<\/p>\n\n\n\n<p>Muistilista, kirjaa n\u00e4m\u00e4 yl\u00f6s ennen koetta:<\/p>\n\n\n\n<ul class=\"wp-block-list\">\n<li>Tuomarin nimi ja SRA-ID<\/li>\n\n\n\n<li>Kokeen vastaanottamispaikka, paikkakunta\/ampumarata<\/li>\n\n\n\n<li>Kokeen p\u00e4iv\u00e4m\u00e4\u00e4r\u00e4<\/li>\n\n\n\n<li>Ampujan nimi<\/li>\n\n\n\n<li>Teoriakurssi jonka ampuja on viimeksi suorittanut: p\u00e4iv\u00e4m\u00e4\u00e4r\u00e4 ja paikkakunta<\/li>\n\n\n\n<li>Teoriakurssin j\u00e4rjest\u00e4j\u00e4n kurssinjohtajan nimi ja yhteystiedot (s\u00e4hk\u00f6posti)<\/li>\n<\/ul>\n\n\n\n<p>Suositus on ett\u00e4 k\u00e4yt\u00e4t sovellusta &#8221;SRA koe&#8221;. T\u00e4m\u00e4 l\u00f6ytyy osoitteesta <a href=\"https:\/\/mpolla.github.io\/sra-koe\/\" target=\"_blank\" rel=\"noreferrer noopener\">https:\/\/mpolla.github.io\/sra-koe\/<\/a>  <\/p>\n\n\n\n<p>Sy\u00f6t\u00e4 ohjelmaan kokelaan tiedot ja hyv\u00e4ksytyn kokeen j\u00e4lkeen lataa kokeen tulos PDF-muodossa itsellesi.<\/p>\n\n\n\n<p>\u00c4l\u00e4 laita tekstiviesti\u00e4, Signal\/Whatsapp-viesti\u00e4 jossa kerrot ett\u00e4 Pekka ampui kokeen ok. Se h\u00e4vi\u00e4\u00e4 viestitulvaan ja joudun kyselem\u00e4\u00e4n yksitellen lis\u00e4tietoja moneen kertaan.<\/p>\n\n\n\n<p><strong>Liit\u00e4 siis s\u00e4hk\u00f6postiin tuo PDF ja itsellesi kirjatut tiedot jotka yll\u00e4kuvattu ja l\u00e4het\u00e4 posti osoitteeseen sra@kainuusra.fi (tai siihen kurssinjohtajan osoitteeseen mik\u00e4li on jonkun muun j\u00e4rjest\u00e4m\u00e4 kurssi).<\/strong> <\/p>\n\n\n\n<p>N\u00e4ill\u00e4 tiedoilla kurssinjohtaja pystyy kirjaamaan tulokset Resulin Priimalmsiin ja prosessi etenee sujuvasti.<\/p>\n\n\n\n<p>\/Jyrki<\/p>\n\n\n\n<p><\/p>\n","protected":false},"excerpt":{"rendered":"<p>Olet ollut tuomarina yli puoli vuotta ja sinulla on kyky ottaa ampujan koe vastaan. Muistilista, kirjaa n\u00e4m\u00e4 yl\u00f6s ennen koetta: Suositus on ett\u00e4 k\u00e4yt\u00e4t sovellusta &#8221;SRA koe&#8221;. T\u00e4m\u00e4 l\u00f6ytyy osoitteesta&hellip;&nbsp;<a href=\"https:\/\/kainuusra.fi\/?page_id=952\" rel=\"bookmark\">Lue lis\u00e4\u00e4 &raquo;<span class=\"screen-reader-text\">Tuomarille: SRA -ampujan kokeen vastaanottaminen<\/span><\/a><\/p>\n","protected":false},"author":1,"featured_media":0,"parent":0,"menu_order":0,"comment_status":"closed","ping_status":"closed","template":"","meta":{"neve_meta_sidebar":"","neve_meta_container":"","neve_meta_enable_content_width":"","neve_meta_content_width":0,"neve_meta_title_alignment":"","neve_meta_author_avatar":"","neve_post_elements_order":"","neve_meta_disable_header":"","neve_meta_disable_footer":"","neve_meta_disable_title":"","footnotes":""},"class_list":["post-952","page","type-page","status-publish","hentry"],"yoast_head":"<!-- This site is optimized with the Yoast SEO plugin v27.5 - https:\/\/yoast.com\/product\/yoast-seo-wordpress\/ -->\n<title>Tuomarille: SRA -ampujan kokeen vastaanottaminen - Kainuu SRA<\/title>\n<meta name=\"robots\" content=\"index, follow, max-snippet:-1, max-image-preview:large, max-video-preview:-1\" \/>\n<link rel=\"canonical\" href=\"https:\/\/kainuusra.fi\/?page_id=952\" \/>\n<meta property=\"og:locale\" content=\"fi_FI\" \/>\n<meta property=\"og:type\" content=\"article\" \/>\n<meta property=\"og:title\" content=\"Tuomarille: SRA -ampujan kokeen vastaanottaminen - Kainuu SRA\" \/>\n<meta property=\"og:description\" content=\"Olet ollut tuomarina yli puoli vuotta ja sinulla on kyky ottaa ampujan koe vastaan. Muistilista, kirjaa n\u00e4m\u00e4 yl\u00f6s ennen koetta: Suositus on ett\u00e4 k\u00e4yt\u00e4t sovellusta &#8221;SRA koe&#8221;. T\u00e4m\u00e4 l\u00f6ytyy osoitteesta&hellip;&nbsp;Lue lis\u00e4\u00e4 &raquo;Tuomarille: SRA -ampujan kokeen vastaanottaminen\" \/>\n<meta property=\"og:url\" content=\"https:\/\/kainuusra.fi\/?page_id=952\" \/>\n<meta property=\"og:site_name\" content=\"Kainuu SRA\" \/>\n<meta property=\"article:modified_time\" content=\"2026-05-03T15:31:19+00:00\" \/>\n<meta name=\"twitter:card\" content=\"summary_large_image\" \/>\n<meta name=\"twitter:label1\" content=\"Arvioitu lukuaika\" \/>\n\t<meta name=\"twitter:data1\" content=\"1 minuutti\" \/>\n<script type=\"application\/ld+json\" class=\"yoast-schema-graph\">{\"@context\":\"https:\\\/\\\/schema.org\",\"@graph\":[{\"@type\":\"WebPage\",\"@id\":\"https:\\\/\\\/kainuusra.fi\\\/?page_id=952\",\"url\":\"https:\\\/\\\/kainuusra.fi\\\/?page_id=952\",\"name\":\"Tuomarille: SRA -ampujan kokeen vastaanottaminen - Kainuu SRA\",\"isPartOf\":{\"@id\":\"https:\\\/\\\/kainuusra.fi\\\/#website\"},\"datePublished\":\"2026-05-03T15:31:17+00:00\",\"dateModified\":\"2026-05-03T15:31:19+00:00\",\"breadcrumb\":{\"@id\":\"https:\\\/\\\/kainuusra.fi\\\/?page_id=952#breadcrumb\"},\"inLanguage\":\"fi\",\"potentialAction\":[{\"@type\":\"ReadAction\",\"target\":[\"https:\\\/\\\/kainuusra.fi\\\/?page_id=952\"]}]},{\"@type\":\"BreadcrumbList\",\"@id\":\"https:\\\/\\\/kainuusra.fi\\\/?page_id=952#breadcrumb\",\"itemListElement\":[{\"@type\":\"ListItem\",\"position\":1,\"name\":\"Etusivu\",\"item\":\"https:\\\/\\\/kainuusra.fi\\\/\"},{\"@type\":\"ListItem\",\"position\":2,\"name\":\"Tuomarille: SRA -ampujan kokeen vastaanottaminen\"}]},{\"@type\":\"WebSite\",\"@id\":\"https:\\\/\\\/kainuusra.fi\\\/#website\",\"url\":\"https:\\\/\\\/kainuusra.fi\\\/\",\"name\":\"Kainuu SRA\",\"description\":\"Puolesta hengen ja heimon ja maan.\",\"publisher\":{\"@id\":\"https:\\\/\\\/kainuusra.fi\\\/#organization\"},\"potentialAction\":[{\"@type\":\"SearchAction\",\"target\":{\"@type\":\"EntryPoint\",\"urlTemplate\":\"https:\\\/\\\/kainuusra.fi\\\/?s={search_term_string}\"},\"query-input\":{\"@type\":\"PropertyValueSpecification\",\"valueRequired\":true,\"valueName\":\"search_term_string\"}}],\"inLanguage\":\"fi\"},{\"@type\":\"Organization\",\"@id\":\"https:\\\/\\\/kainuusra.fi\\\/#organization\",\"name\":\"Kainuu SRA\",\"url\":\"https:\\\/\\\/kainuusra.fi\\\/\",\"logo\":{\"@type\":\"ImageObject\",\"inLanguage\":\"fi\",\"@id\":\"https:\\\/\\\/kainuusra.fi\\\/#\\\/schema\\\/logo\\\/image\\\/\",\"url\":\"https:\\\/\\\/kainuusra.fi\\\/wp-content\\\/uploads\\\/2021\\\/12\\\/cropped-cropped-SRA-Kainuu.vaakuna.png\",\"contentUrl\":\"https:\\\/\\\/kainuusra.fi\\\/wp-content\\\/uploads\\\/2021\\\/12\\\/cropped-cropped-SRA-Kainuu.vaakuna.png\",\"width\":512,\"height\":512,\"caption\":\"Kainuu SRA\"},\"image\":{\"@id\":\"https:\\\/\\\/kainuusra.fi\\\/#\\\/schema\\\/logo\\\/image\\\/\"}}]}<\/script>\n<!-- \/ Yoast SEO plugin. -->","yoast_head_json":{"title":"Tuomarille: SRA -ampujan kokeen vastaanottaminen - Kainuu SRA","robots":{"index":"index","follow":"follow","max-snippet":"max-snippet:-1","max-image-preview":"max-image-preview:large","max-video-preview":"max-video-preview:-1"},"canonical":"https:\/\/kainuusra.fi\/?page_id=952","og_locale":"fi_FI","og_type":"article","og_title":"Tuomarille: SRA -ampujan kokeen vastaanottaminen - Kainuu SRA","og_description":"Olet ollut tuomarina yli puoli vuotta ja sinulla on kyky ottaa ampujan koe vastaan. Muistilista, kirjaa n\u00e4m\u00e4 yl\u00f6s ennen koetta: Suositus on ett\u00e4 k\u00e4yt\u00e4t sovellusta &#8221;SRA koe&#8221;. T\u00e4m\u00e4 l\u00f6ytyy osoitteesta&hellip;&nbsp;Lue lis\u00e4\u00e4 &raquo;Tuomarille: SRA -ampujan kokeen vastaanottaminen","og_url":"https:\/\/kainuusra.fi\/?page_id=952","og_site_name":"Kainuu SRA","article_modified_time":"2026-05-03T15:31:19+00:00","twitter_card":"summary_large_image","twitter_misc":{"Arvioitu lukuaika":"1 minuutti"},"schema":{"@context":"https:\/\/schema.org","@graph":[{"@type":"WebPage","@id":"https:\/\/kainuusra.fi\/?page_id=952","url":"https:\/\/kainuusra.fi\/?page_id=952","name":"Tuomarille: SRA -ampujan kokeen vastaanottaminen - Kainuu SRA","isPartOf":{"@id":"https:\/\/kainuusra.fi\/#website"},"datePublished":"2026-05-03T15:31:17+00:00","dateModified":"2026-05-03T15:31:19+00:00","breadcrumb":{"@id":"https:\/\/kainuusra.fi\/?page_id=952#breadcrumb"},"inLanguage":"fi","potentialAction":[{"@type":"ReadAction","target":["https:\/\/kainuusra.fi\/?page_id=952"]}]},{"@type":"BreadcrumbList","@id":"https:\/\/kainuusra.fi\/?page_id=952#breadcrumb","itemListElement":[{"@type":"ListItem","position":1,"name":"Etusivu","item":"https:\/\/kainuusra.fi\/"},{"@type":"ListItem","position":2,"name":"Tuomarille: SRA -ampujan kokeen vastaanottaminen"}]},{"@type":"WebSite","@id":"https:\/\/kainuusra.fi\/#website","url":"https:\/\/kainuusra.fi\/","name":"Kainuu SRA","description":"Puolesta hengen ja heimon ja maan.","publisher":{"@id":"https:\/\/kainuusra.fi\/#organization"},"potentialAction":[{"@type":"SearchAction","target":{"@type":"EntryPoint","urlTemplate":"https:\/\/kainuusra.fi\/?s={search_term_string}"},"query-input":{"@type":"PropertyValueSpecification","valueRequired":true,"valueName":"search_term_string"}}],"inLanguage":"fi"},{"@type":"Organization","@id":"https:\/\/kainuusra.fi\/#organization","name":"Kainuu SRA","url":"https:\/\/kainuusra.fi\/","logo":{"@type":"ImageObject","inLanguage":"fi","@id":"https:\/\/kainuusra.fi\/#\/schema\/logo\/image\/","url":"https:\/\/kainuusra.fi\/wp-content\/uploads\/2021\/12\/cropped-cropped-SRA-Kainuu.vaakuna.png","contentUrl":"https:\/\/kainuusra.fi\/wp-content\/uploads\/2021\/12\/cropped-cropped-SRA-Kainuu.vaakuna.png","width":512,"height":512,"caption":"Kainuu SRA"},"image":{"@id":"https:\/\/kainuusra.fi\/#\/schema\/logo\/image\/"}}]}},"_links":{"self":[{"href":"https:\/\/kainuusra.fi\/index.php?rest_route=\/wp\/v2\/pages\/952","targetHints":{"allow":["GET"]}}],"collection":[{"href":"https:\/\/kainuusra.fi\/index.php?rest_route=\/wp\/v2\/pages"}],"about":[{"href":"https:\/\/kainuusra.fi\/index.php?rest_route=\/wp\/v2\/types\/page"}],"author":[{"embeddable":true,"href":"https:\/\/kainuusra.fi\/index.php?rest_route=\/wp\/v2\/users\/1"}],"replies":[{"embeddable":true,"href":"https:\/\/kainuusra.fi\/index.php?rest_route=%2Fwp%2Fv2%2Fcomments&post=952"}],"version-history":[{"count":1,"href":"https:\/\/kainuusra.fi\/index.php?rest_route=\/wp\/v2\/pages\/952\/revisions"}],"predecessor-version":[{"id":953,"href":"https:\/\/kainuusra.fi\/index.php?rest_route=\/wp\/v2\/pages\/952\/revisions\/953"}],"wp:attachment":[{"href":"https:\/\/kainuusra.fi\/index.php?rest_route=%2Fwp%2Fv2%2Fmedia&parent=952"}],"curies":[{"name":"wp","href":"https:\/\/api.w.org\/{rel}","templated":true}]}}